{"id":14,"date":"2023-07-10T08:45:01","date_gmt":"2023-07-10T13:45:01","guid":{"rendered":"http:\/\/blimax.com\/?page_id=14"},"modified":"2024-05-30T15:01:51","modified_gmt":"2024-05-30T20:01:51","slug":"home","status":"publish","type":"page","link":"https:\/\/blimax.com\/","title":{"rendered":"Home"},"content":{"rendered":"<p>[et_pb_section fb_built=\u00bb1&#8243; _builder_version=\u00bb4.21.0&#8243; _module_preset=\u00bbdefault\u00bb custom_padding=\u00bb0px||||false|false\u00bb link_option_url=\u00bbhttps:\/\/blimax.com\/index.php\/blindajes\/\u00bb global_colors_info=\u00bb{}\u00bb][et_pb_row _builder_version=\u00bb4.21.0&#8243; _module_preset=\u00bbdefault\u00bb width=\u00bb100%\u00bb max_width=\u00bb100%\u00bb global_colors_info=\u00bb{}\u00bb][et_pb_column type=\u00bb4_4&#8243; _builder_version=\u00bb4.21.0&#8243; _module_preset=\u00bbdefault\u00bb global_colors_info=\u00bb{}\u00bb][et_pb_image src=\u00bbhttp:\/\/blimax.com\/wp-content\/uploads\/2024\/05\/BANNER2.png\u00bb alt=\u00bbBlindaje vehiculos\u00bb title_text=\u00bbBANNER2&#8243; align=\u00bbright\u00bb _builder_version=\u00bb4.21.0&#8243; _module_preset=\u00bbdefault\u00bb global_colors_info=\u00bb{}\u00bb][\/et_pb_image][\/et_pb_column][\/et_pb_row][et_pb_row _builder_version=\u00bb4.21.0&#8243; _module_preset=\u00bbdefault\u00bb module_alignment=\u00bbleft\u00bb global_colors_info=\u00bb{}\u00bb][et_pb_column type=\u00bb4_4&#8243; _builder_version=\u00bb4.21.0&#8243; _module_preset=\u00bbdefault\u00bb global_colors_info=\u00bb{}\u00bb][dsm_block_reveal_text block_reveal_text=\u00bbNuestros Servicios\u00bb block_reveal_color=\u00bb#252A4F\u00bb _builder_version=\u00bb4.21.0&#8243; _module_preset=\u00bbdefault\u00bb header_font=\u00bb|800|||||||\u00bb header_text_color=\u00bb#252A4F\u00bb header_font_size=\u00bb30px\u00bb background_color=\u00bb#5EBAE0&#8243; width=\u00bb30%\u00bb width_tablet=\u00bb50%\u00bb width_phone=\u00bb50%\u00bb width_last_edited=\u00bbon|desktop\u00bb custom_padding=\u00bb5px|30px|5px|30px|true|true\u00bb header_font_size_tablet=\u00bb30px\u00bb header_font_size_phone=\u00bb25px\u00bb header_font_size_last_edited=\u00bbon|phone\u00bb locked=\u00bboff\u00bb global_colors_info=\u00bb{}\u00bb][\/dsm_block_reveal_text][\/et_pb_column][\/et_pb_row][et_pb_row column_structure=\u00bb1_4,1_4,1_4,1_4&#8243; _builder_version=\u00bb4.21.0&#8243; _module_preset=\u00bbdefault\u00bb global_colors_info=\u00bb{}\u00bb][et_pb_column type=\u00bb1_4&#8243; _builder_version=\u00bb4.21.0&#8243; _module_preset=\u00bbdefault\u00bb global_colors_info=\u00bb{}\u00bb][et_pb_blurb title=\u00bbBlindaje Automotriz\u00bb image=\u00bbhttp:\/\/blimax.com\/wp-content\/uploads\/2024\/05\/blindaje-vehiculos-scaled.jpg\u00bb alt=\u00bbblindaje vehiculos\u00bb _builder_version=\u00bb4.21.0&#8243; _module_preset=\u00bbdefault\u00bb custom_padding=\u00bb||9px|||\u00bb box_shadow_style_image=\u00bbpreset3&#8243; global_colors_info=\u00bb{}\u00bb]<\/p>\n<p><span style=\"color: #252a4f;\">En Blimax, ofrecemos el m\u00e1s alto est\u00e1ndar en blindaje automotriz y producci\u00f3n de vidrios. Con 24 a\u00f1os de experiencia en el mercado, hemos perfeccionado cada detalle para garantizar la m\u00e1xima seguridad y calidad en cada proyecto. Desde el blindaje de veh\u00edculos hasta la fabricaci\u00f3n de vidrios de alta resistencia, nuestro compromiso es proporcionar soluciones de protecci\u00f3n que superen las expectativas de nuestros clientes.<\/span><\/p>\n<p>[\/et_pb_blurb][\/et_pb_column][et_pb_column type=\u00bb1_4&#8243; _builder_version=\u00bb4.21.0&#8243; _module_preset=\u00bbdefault\u00bb global_colors_info=\u00bb{}\u00bb][et_pb_blurb title=\u00bbMantenimiento veh\u00edculos blindados\u00bb image=\u00bbhttp:\/\/blimax.com\/wp-content\/uploads\/2024\/05\/mantenimientos-scaled.jpg\u00bb alt=\u00bbMantenimientos Blindajes\u00bb _builder_version=\u00bb4.21.0&#8243; _module_preset=\u00bbdefault\u00bb box_shadow_style_image=\u00bbpreset3&#8243; global_colors_info=\u00bb{}\u00bb]<\/p>\n<p><span style=\"color: #252a4f;\">Nuestro servicio de mantenimiento de blindajes automotrices garantiza que tu veh\u00edculo conserve su m\u00e1xima protecci\u00f3n a lo largo del tiempo. Nuestros t\u00e9cnicos altamente capacitados realizan inspecciones exhaustivas y llevan a cabo cualquier ajuste necesario para asegurar que tu blindaje est\u00e9 en \u00f3ptimas condiciones.<\/span><\/p>\n<p>[\/et_pb_blurb][\/et_pb_column][et_pb_column type=\u00bb1_4&#8243; _builder_version=\u00bb4.21.0&#8243; _module_preset=\u00bbdefault\u00bb global_colors_info=\u00bb{}\u00bb][et_pb_blurb title=\u00bbCajas fuertes para camiones de recaudo\u00bb image=\u00bbhttp:\/\/blimax.com\/wp-content\/uploads\/2024\/05\/cajas-fuertes-scaled.jpg\u00bb alt=\u00bbCajas Fuertes\u00bb _builder_version=\u00bb4.21.0&#8243; _module_preset=\u00bbdefault\u00bb custom_padding=\u00bb||0px|||\u00bb box_shadow_style_image=\u00bbpreset3&#8243; global_colors_info=\u00bb{}\u00bb]<\/p>\n<p><span style=\"color: #252a4f;\">Nos especializamos en la fabricaci\u00f3n e instalaci\u00f3n de cajas fuertes dise\u00f1adas espec\u00edficamente para camiones de recaudo. Nuestras cajas fuertes son construidas a medida con los m\u00e1s altos est\u00e1ndares de seguridad y resistencia, utilizando materiales de primera calidad y tecnolog\u00eda avanzada.\u00a0<\/span><\/p>\n<p>[\/et_pb_blurb][\/et_pb_column][et_pb_column type=\u00bb1_4&#8243; _builder_version=\u00bb4.21.0&#8243; _module_preset=\u00bbdefault\u00bb global_colors_info=\u00bb{}\u00bb][et_pb_blurb title=\u00bbBlindaje Arquitect\u00f3nico\u00bb image=\u00bbhttp:\/\/blimax.com\/wp-content\/uploads\/2024\/05\/blindaje-arquitectonico-scaled.jpg\u00bb alt=\u00bbBlindaje Arquitectonico\u00bb _builder_version=\u00bb4.21.0&#8243; _module_preset=\u00bbdefault\u00bb hover_enabled=\u00bb0&#8243; box_shadow_style_image=\u00bbpreset3&#8243; global_colors_info=\u00bb{}\u00bb sticky_enabled=\u00bb0&#8243;]<\/p>\n<p><span style=\"color: #252a4f;\">Descubre el blindaje arquitect\u00f3nico de Blimax: seguridad personalizada para hogares, oficinas y edificios comerciales. Con materiales de vanguardia y t\u00e9cnicas avanzadas, ofrecemos defensa s\u00f3lida contra amenazas externas. Desde la evaluaci\u00f3n de riesgos hasta la instalaci\u00f3n, garantizamos protecci\u00f3n sin compromisos para tu entorno construido.<\/span><\/p>\n<p>[\/et_pb_blurb][\/et_pb_column][\/et_pb_row][et_pb_row _builder_version=\u00bb4.21.0&#8243; _module_preset=\u00bbdefault\u00bb module_alignment=\u00bbleft\u00bb global_colors_info=\u00bb{}\u00bb][et_pb_column type=\u00bb4_4&#8243; _builder_version=\u00bb4.21.0&#8243; _module_preset=\u00bbdefault\u00bb global_colors_info=\u00bb{}\u00bb][dsm_block_reveal_text block_reveal_text=\u00bbNosotros\u00bb block_reveal_color=\u00bb#252A4F\u00bb _builder_version=\u00bb4.21.0&#8243; _module_preset=\u00bbdefault\u00bb header_font=\u00bb|800|||||||\u00bb header_text_color=\u00bb#252A4F\u00bb header_font_size=\u00bb30px\u00bb background_color=\u00bb#5EBAE0&#8243; width=\u00bb30%\u00bb width_tablet=\u00bb50%\u00bb width_phone=\u00bb50%\u00bb width_last_edited=\u00bbon|desktop\u00bb custom_padding=\u00bb5px|30px|5px|30px|true|true\u00bb header_font_size_tablet=\u00bb30px\u00bb header_font_size_phone=\u00bb25px\u00bb header_font_size_last_edited=\u00bbon|phone\u00bb global_colors_info=\u00bb{}\u00bb][\/dsm_block_reveal_text][\/et_pb_column][\/et_pb_row][et_pb_row column_structure=\u00bb3_5,2_5&#8243; use_custom_gutter=\u00bbon\u00bb make_equal=\u00bbon\u00bb _builder_version=\u00bb4.21.0&#8243; _module_preset=\u00bbdefault\u00bb width=\u00bb90%\u00bb max_width=\u00bb100%\u00bb custom_css_main_element=\u00bbalign-items:center;\u00bb global_colors_info=\u00bb{}\u00bb][et_pb_column type=\u00bb3_5&#8243; _builder_version=\u00bb4.21.0&#8243; _module_preset=\u00bbdefault\u00bb global_colors_info=\u00bb{}\u00bb][et_pb_text _builder_version=\u00bb4.21.0&#8243; _module_preset=\u00bbdefault\u00bb text_text_color=\u00bb#252A4F\u00bb text_font_size=\u00bb18px\u00bb custom_padding=\u00bb|50px||50px|false|true\u00bb custom_padding_tablet=\u00bb|50px||50px|false|true\u00bb custom_padding_phone=\u00bb|0px||0px|false|true\u00bb custom_padding_last_edited=\u00bbon|phone\u00bb animation_style=\u00bbfade\u00bb text_font_size_tablet=\u00bb18px\u00bb text_font_size_phone=\u00bb16px\u00bb text_font_size_last_edited=\u00bbon|phone\u00bb global_colors_info=\u00bb{}\u00bb]<\/p>\n<p>Desde el 2.000 tenemos un equipo de profesionales y t\u00e9cnicos que han estado vinculados por m\u00e1s de 40 a\u00f1os a compa\u00f1\u00edas de blindaje en Colombia.<\/p>\n<p>Nuestra especialidad es dise\u00f1ar soluciones de seguridad de acuerdo a las necesidades de nuestros clientes.<\/p>\n<p>Contamos con planta de vidrios propia, esto nos permite ofrecerle a nuestros clientes una mayor capacidad de respuesta.<\/p>\n<p>[\/et_pb_text][et_pb_text _builder_version=\u00bb4.21.0&#8243; _module_preset=\u00bbdefault\u00bb text_text_color=\u00bb#252A4F\u00bb text_font_size=\u00bb18px\u00bb custom_padding=\u00bb|50px||50px|false|true\u00bb custom_padding_tablet=\u00bb|50px||50px|false|true\u00bb custom_padding_phone=\u00bb|0px||0px|false|true\u00bb custom_padding_last_edited=\u00bbon|phone\u00bb animation_style=\u00bbfade\u00bb text_font_size_tablet=\u00bb18px\u00bb text_font_size_phone=\u00bb16px\u00bb text_font_size_last_edited=\u00bbon|phone\u00bb global_colors_info=\u00bb{}\u00bb]<\/p>\n<p>Desde el 2.000 tenemos un equipo de profesionales y t\u00e9cnicos que han estado vinculados por m\u00e1s de 40 a\u00f1os a compa\u00f1\u00edas de blindaje en Colombia.<\/p>\n<p>Nuestra especialidad es dise\u00f1ar soluciones de seguridad de acuerdo a las necesidades de nuestros clientes.<\/p>\n<p>Contamos con planta de vidrios propia, esto nos permite ofrecerle a nuestros clientes una mayor capacidad de respuesta.<\/p>\n<p>[\/et_pb_text][\/et_pb_column][et_pb_column type=\u00bb2_5&#8243; _builder_version=\u00bb4.21.0&#8243; _module_preset=\u00bbdefault\u00bb global_colors_info=\u00bb{}\u00bb][et_pb_image src=\u00bbhttp:\/\/blimax.com\/wp-content\/uploads\/2023\/07\/Homapage-Nosotros.png\u00bb title_text=\u00bbHomapage &#8211; Nosotros\u00bb _builder_version=\u00bb4.21.0&#8243; _module_preset=\u00bbdefault\u00bb animation_style=\u00bbslide\u00bb animation_direction=\u00bbright\u00bb global_colors_info=\u00bb{}\u00bb][\/et_pb_image][\/et_pb_column][\/et_pb_row][\/et_pb_section][et_pb_section fb_built=\u00bb1&#8243; _builder_version=\u00bb4.21.0&#8243; _module_preset=\u00bbdefault\u00bb custom_padding=\u00bb0px||||false|false\u00bb global_colors_info=\u00bb{}\u00bb][et_pb_row _builder_version=\u00bb4.21.0&#8243; _module_preset=\u00bbdefault\u00bb width=\u00bb100%\u00bb max_width=\u00bb100%\u00bb global_colors_info=\u00bb{}\u00bb][et_pb_column type=\u00bb4_4&#8243; _builder_version=\u00bb4.21.0&#8243; _module_preset=\u00bbdefault\u00bb global_colors_info=\u00bb{}\u00bb][dsm_block_reveal_text block_reveal_text=\u00bbQu\u00e9 nos diferencia\u00bb block_reveal_color=\u00bb#252A4F\u00bb _builder_version=\u00bb4.21.0&#8243; _module_preset=\u00bbdefault\u00bb header_font=\u00bb|800|||||||\u00bb header_text_color=\u00bb#252A4F\u00bb header_font_size=\u00bb30px\u00bb background_color=\u00bb#5EBAE0&#8243; width=\u00bb30%\u00bb width_tablet=\u00bb50%\u00bb width_phone=\u00bb50%\u00bb width_last_edited=\u00bbon|desktop\u00bb custom_padding=\u00bb5px|30px|5px|30px|true|true\u00bb header_font_size_tablet=\u00bb30px\u00bb header_font_size_phone=\u00bb25px\u00bb header_font_size_last_edited=\u00bbon|phone\u00bb global_colors_info=\u00bb{}\u00bb][\/dsm_block_reveal_text][\/et_pb_column][\/et_pb_row][et_pb_row column_structure=\u00bb1_3,1_3,1_3&#8243; _builder_version=\u00bb4.21.0&#8243; _module_preset=\u00bbdefault\u00bb animation_style=\u00bbflip\u00bb global_colors_info=\u00bb{}\u00bb][et_pb_column type=\u00bb1_3&#8243; _builder_version=\u00bb4.21.0&#8243; _module_preset=\u00bbdefault\u00bb global_colors_info=\u00bb{}\u00bb][et_pb_image src=\u00bbhttp:\/\/blimax.com\/wp-content\/uploads\/2023\/07\/Icono-1.png\u00bb title_text=\u00bbIcono 1&#8243; _builder_version=\u00bb4.21.0&#8243; _module_preset=\u00bbdefault\u00bb width=\u00bb50%\u00bb width_tablet=\u00bb30%\u00bb width_phone=\u00bb40%\u00bb width_last_edited=\u00bbon|tablet\u00bb module_alignment=\u00bbcenter\u00bb global_colors_info=\u00bb{}\u00bb][\/et_pb_image][et_pb_text _builder_version=\u00bb4.21.0&#8243; _module_preset=\u00bbdefault\u00bb text_font=\u00bb|700|||||||\u00bb text_text_color=\u00bb#252A4F\u00bb text_font_size=\u00bb16px\u00bb background_color=\u00bb#5EBAE0&#8243; custom_margin=\u00bb||0px||false|false\u00bb custom_padding=\u00bb|5px||5px|false|true\u00bb global_colors_info=\u00bb{}\u00bb]<\/p>\n<p>Experiencia<\/p>\n<p>[\/et_pb_text][et_pb_text _builder_version=\u00bb4.21.0&#8243; _module_preset=\u00bbdefault\u00bb text_font=\u00bb|600|||||||\u00bb text_text_color=\u00bb#252A4F\u00bb global_colors_info=\u00bb{}\u00bb]<\/p>\n<p>Desde el 2.000<\/p>\n<p>[\/et_pb_text][\/et_pb_column][et_pb_column type=\u00bb1_3&#8243; _builder_version=\u00bb4.21.0&#8243; _module_preset=\u00bbdefault\u00bb global_colors_info=\u00bb{}\u00bb][et_pb_image src=\u00bbhttp:\/\/blimax.com\/wp-content\/uploads\/2023\/07\/Icono-2.png\u00bb title_text=\u00bbIcono 1&#8243; _builder_version=\u00bb4.21.0&#8243; _module_preset=\u00bbdefault\u00bb width=\u00bb50%\u00bb width_tablet=\u00bb30%\u00bb width_phone=\u00bb40%\u00bb width_last_edited=\u00bbon|tablet\u00bb module_alignment=\u00bbcenter\u00bb global_colors_info=\u00bb{}\u00bb][\/et_pb_image][et_pb_text _builder_version=\u00bb4.21.0&#8243; _module_preset=\u00bbdefault\u00bb text_font=\u00bb|700|||||||\u00bb text_text_color=\u00bb#252A4F\u00bb text_font_size=\u00bb16px\u00bb background_color=\u00bb#5EBAE0&#8243; custom_margin=\u00bb||0px||false|false\u00bb custom_padding=\u00bb|5px||5px|false|true\u00bb global_colors_info=\u00bb{}\u00bb]<\/p>\n<p>Licencia de funcionamiento<\/p>\n<p>[\/et_pb_text][et_pb_text _builder_version=\u00bb4.21.0&#8243; _module_preset=\u00bbdefault\u00bb text_font=\u00bb|600|||||||\u00bb text_text_color=\u00bb#252A4F\u00bb global_colors_info=\u00bb{}\u00bb]<\/p>\n<p>Somos una empresa autorizada y vigilada por la SUPERVIGILANCIA, resoluci\u00f3n 0086627 de 17\/10\/2018.<\/p>\n<p>[\/et_pb_text][\/et_pb_column][et_pb_column type=\u00bb1_3&#8243; _builder_version=\u00bb4.21.0&#8243; _module_preset=\u00bbdefault\u00bb global_colors_info=\u00bb{}\u00bb][et_pb_image src=\u00bbhttp:\/\/blimax.com\/wp-content\/uploads\/2023\/07\/Icono-5.png\u00bb title_text=\u00bbIcono 1&#8243; _builder_version=\u00bb4.21.0&#8243; _module_preset=\u00bbdefault\u00bb width=\u00bb50%\u00bb width_tablet=\u00bb30%\u00bb width_phone=\u00bb40%\u00bb width_last_edited=\u00bbon|tablet\u00bb module_alignment=\u00bbcenter\u00bb global_colors_info=\u00bb{}\u00bb][\/et_pb_image][et_pb_text _builder_version=\u00bb4.21.0&#8243; _module_preset=\u00bbdefault\u00bb text_font=\u00bb|700|||||||\u00bb text_text_color=\u00bb#252A4F\u00bb text_font_size=\u00bb16px\u00bb background_color=\u00bb#5EBAE0&#8243; custom_margin=\u00bb||0px||false|false\u00bb custom_padding=\u00bb|5px||5px|false|true\u00bb global_colors_info=\u00bb{}\u00bb]<\/p>\n<p>Planta de vidrios<\/p>\n<p>[\/et_pb_text][et_pb_text _builder_version=\u00bb4.21.0&#8243; _module_preset=\u00bbdefault\u00bb text_font=\u00bb|600|||||||\u00bb text_text_color=\u00bb#252A4F\u00bb global_colors_info=\u00bb{}\u00bb]<\/p>\n<p>Contamos con planta propia. Ofrecemos vidrio de alta calidad, bajo sistemas de fabricaci\u00f3n y control eficacez y confiables, lo cual le da respaldo y seguridad a nuestros blindajes.\u00a0<\/p>\n<p>[\/et_pb_text][\/et_pb_column][\/et_pb_row][et_pb_row column_structure=\u00bb1_3,1_3,1_3&#8243; _builder_version=\u00bb4.21.0&#8243; _module_preset=\u00bbdefault\u00bb animation_style=\u00bbflip\u00bb global_colors_info=\u00bb{}\u00bb][et_pb_column type=\u00bb1_3&#8243; _builder_version=\u00bb4.21.0&#8243; _module_preset=\u00bbdefault\u00bb global_colors_info=\u00bb{}\u00bb][et_pb_image src=\u00bbhttp:\/\/blimax.com\/wp-content\/uploads\/2023\/07\/Icono-3.png\u00bb title_text=\u00bbIcono 1&#8243; _builder_version=\u00bb4.21.0&#8243; _module_preset=\u00bbdefault\u00bb width=\u00bb50%\u00bb width_tablet=\u00bb30%\u00bb width_phone=\u00bb40%\u00bb width_last_edited=\u00bbon|tablet\u00bb module_alignment=\u00bbcenter\u00bb global_colors_info=\u00bb{}\u00bb][\/et_pb_image][et_pb_text _builder_version=\u00bb4.21.0&#8243; _module_preset=\u00bbdefault\u00bb text_font=\u00bb|700|||||||\u00bb text_text_color=\u00bb#252A4F\u00bb text_font_size=\u00bb16px\u00bb background_color=\u00bb#5EBAE0&#8243; custom_margin=\u00bb||0px||false|false\u00bb custom_padding=\u00bb|5px||5px|false|true\u00bb global_colors_info=\u00bb{}\u00bb]<\/p>\n<p>Sello Calidad de Producto<\/p>\n<p>[\/et_pb_text][et_pb_text _builder_version=\u00bb4.21.0&#8243; _module_preset=\u00bbdefault\u00bb text_font=\u00bb|600|||||||\u00bb text_text_color=\u00bb#252A4F\u00bb global_colors_info=\u00bb{}\u00bb]<\/p>\n<p>Somos los \u00fanicos fabricante de vidrio blindado en Antioquia que cumplimos el reglamento t\u00e9cnico acristalamiento de seguridad resistente a balas. Nuestro ente certificador es CERTIFICATION QUALITY RESOURCES SAS, certificado CPC-07571-21.<\/p>\n<p>[\/et_pb_text][\/et_pb_column][et_pb_column type=\u00bb1_3&#8243; _builder_version=\u00bb4.21.0&#8243; _module_preset=\u00bbdefault\u00bb global_colors_info=\u00bb{}\u00bb][et_pb_image src=\u00bbhttp:\/\/blimax.com\/wp-content\/uploads\/2023\/07\/Icono-4.png\u00bb title_text=\u00bbIcono 1&#8243; _builder_version=\u00bb4.21.0&#8243; _module_preset=\u00bbdefault\u00bb width=\u00bb50%\u00bb width_tablet=\u00bb30%\u00bb width_phone=\u00bb40%\u00bb width_last_edited=\u00bbon|tablet\u00bb module_alignment=\u00bbcenter\u00bb global_colors_info=\u00bb{}\u00bb][\/et_pb_image][et_pb_text _builder_version=\u00bb4.21.0&#8243; _module_preset=\u00bbdefault\u00bb text_font=\u00bb|700|||||||\u00bb text_text_color=\u00bb#252A4F\u00bb text_font_size=\u00bb16px\u00bb background_color=\u00bb#5EBAE0&#8243; custom_margin=\u00bb||0px||false|false\u00bb custom_padding=\u00bb|5px||5px|false|true\u00bb global_colors_info=\u00bb{}\u00bb]<\/p>\n<p>Peso agregado<\/p>\n<p>[\/et_pb_text][et_pb_text _builder_version=\u00bb4.21.0&#8243; _module_preset=\u00bbdefault\u00bb text_font=\u00bb|600|||||||\u00bb text_text_color=\u00bb#252A4F\u00bb global_colors_info=\u00bb{}\u00bb]NO utilizamos acero, lo cual nos permite ofrecer blindajes mucho m\u00e1s LIVIANOS, ajustados y los tiempos de producci\u00f3n m\u00e1s cortos del mercado.<br \/>\n<strong>Autom\u00f3viles:<\/strong> 90 Kg aprox<br \/>\n<strong>Camionetas:<\/strong> 130 Kg aprox.[\/et_pb_text][\/et_pb_column][et_pb_column type=\u00bb1_3&#8243; _builder_version=\u00bb4.21.0&#8243; _module_preset=\u00bbdefault\u00bb global_colors_info=\u00bb{}\u00bb][et_pb_image src=\u00bbhttp:\/\/blimax.com\/wp-content\/uploads\/2023\/07\/Icono-6.png\u00bb title_text=\u00bbIcono 1&#8243; _builder_version=\u00bb4.21.0&#8243; _module_preset=\u00bbdefault\u00bb width=\u00bb50%\u00bb width_tablet=\u00bb30%\u00bb width_phone=\u00bb40%\u00bb width_last_edited=\u00bbon|tablet\u00bb module_alignment=\u00bbcenter\u00bb global_colors_info=\u00bb{}\u00bb][\/et_pb_image][et_pb_text _builder_version=\u00bb4.21.0&#8243; _module_preset=\u00bbdefault\u00bb text_font=\u00bb|700|||||||\u00bb text_text_color=\u00bb#252A4F\u00bb text_font_size=\u00bb16px\u00bb background_color=\u00bb#5EBAE0&#8243; custom_margin=\u00bb||0px||false|false\u00bb custom_padding=\u00bb|5px||5px|false|true\u00bb global_colors_info=\u00bb{}\u00bb]<\/p>\n<p>Tiempo de entrega<\/p>\n<p>[\/et_pb_text][et_pb_text _builder_version=\u00bb4.21.0&#8243; _module_preset=\u00bbdefault\u00bb text_font=\u00bb|600|||||||\u00bb text_text_color=\u00bb#252A4F\u00bb global_colors_info=\u00bb{}\u00bb]<\/p>\n<p>Todo lo anterior nos permite ofrecer unos cortos tiempos de entrega.<\/p>\n<p>[\/et_pb_text][\/et_pb_column][\/et_pb_row][\/et_pb_section]<\/p>\n","protected":false},"excerpt":{"rendered":"<p><div class=\"et_pb_module dsm_block_reveal_text dsm_block_reveal_text_0\">\n\t\t\t\t\n\t\t\t\t\n\t\t\t\t\n\t\t\t\t\n\t\t\t\t\n\t\t\t\t\n\t\t\t\t<div class=\"et_pb_module_inner\">\n\t\t\t\t\t<div class=\"dsm_block_reveal_text_wrapper\" data-dsm-block-reveal-animation=\"lr\" data-dsm-block-reveal-color=\"#252A4F\" data-dsm-block-reveal-delay=\"0.1\" data-dsm-block-reveal-viewport=\"80%\"><h2 class=\"dsm_block_reveal_text_header et_pb_module_header\">Nuestros Servicios<\/h2><\/div>\n\t\t\t\t<\/div>\n\t\t\t<\/div>En Blimax, ofrecemos el m\u00e1s alto est\u00e1ndar en blindaje automotriz y producci\u00f3n de vidrios. Con 24 a\u00f1os de experiencia en el mercado, hemos perfeccionado cada detalle para garantizar la m\u00e1xima seguridad y calidad en cada proyecto. [&hellip;]<\/p>\n","protected":false},"author":1,"featured_media":0,"parent":0,"menu_order":0,"comment_status":"closed","ping_status":"closed","template":"","meta":{"_et_pb_use_builder":"on","_et_pb_old_content":"","_et_gb_content_width":"","footnotes":""},"class_list":["post-14","page","type-page","status-publish","hentry"],"_links":{"self":[{"href":"https:\/\/blimax.com\/index.php\/wp-json\/wp\/v2\/pages\/14","targetHints":{"allow":["GET"]}}],"collection":[{"href":"https:\/\/blimax.com\/index.php\/wp-json\/wp\/v2\/pages"}],"about":[{"href":"https:\/\/blimax.com\/index.php\/wp-json\/wp\/v2\/types\/page"}],"author":[{"embeddable":true,"href":"https:\/\/blimax.com\/index.php\/wp-json\/wp\/v2\/users\/1"}],"replies":[{"embeddable":true,"href":"https:\/\/blimax.com\/index.php\/wp-json\/wp\/v2\/comments?post=14"}],"version-history":[{"count":28,"href":"https:\/\/blimax.com\/index.php\/wp-json\/wp\/v2\/pages\/14\/revisions"}],"predecessor-version":[{"id":178,"href":"https:\/\/blimax.com\/index.php\/wp-json\/wp\/v2\/pages\/14\/revisions\/178"}],"wp:attachment":[{"href":"https:\/\/blimax.com\/index.php\/wp-json\/wp\/v2\/media?parent=14"}],"curies":[{"name":"wp","href":"https:\/\/api.w.org\/{rel}","templated":true}]}}